{"id":154,"date":"2023-05-30T16:22:37","date_gmt":"2023-05-30T14:22:37","guid":{"rendered":"https:\/\/svs-vertrieb.de\/home\/?page_id=154"},"modified":"2025-06-13T12:01:18","modified_gmt":"2025-06-13T10:01:18","slug":"impressum","status":"publish","type":"page","link":"https:\/\/svs-vertrieb.de\/home\/impressum\/","title":{"rendered":"Impressum"},"content":{"rendered":"\t\t<div data-elementor-type=\"wp-page\" data-elementor-id=\"154\" class=\"elementor elementor-154\" data-elementor-post-type=\"page\">\n\t\t\t\t\t\t<section class=\"elementor-section elementor-top-section elementor-element elementor-element-0f9e32a elementor-section-boxed elementor-section-height-default elementor-section-height-default\" data-id=\"0f9e32a\" data-element_type=\"section\" data-e-type=\"section\">\n\t\t\t\t\t\t<div class=\"elementor-container elementor-column-gap-default\">\n\t\t\t\t\t<div class=\"elementor-column elementor-col-100 elementor-top-column elementor-element elementor-element-7dc980d\" data-id=\"7dc980d\" data-element_type=\"column\" data-e-type=\"column\">\n\t\t\t<div class=\"elementor-widget-wrap elementor-element-populated\">\n\t\t\t\t\t\t<div class=\"elementor-element elementor-element-a61ba9e elementor-widget elementor-widget-heading\" data-id=\"a61ba9e\" data-element_type=\"widget\" data-e-type=\"widget\" data-widget_type=\"heading.default\">\n\t\t\t\t<div class=\"elementor-widget-container\">\n\t\t\t\t\t<h1 class=\"elementor-heading-title elementor-size-default\">Impressum<\/h1>\t\t\t\t<\/div>\n\t\t\t\t<\/div>\n\t\t\t\t\t<\/div>\n\t\t<\/div>\n\t\t\t\t\t<\/div>\n\t\t<\/section>\n\t\t\t\t<section class=\"elementor-section elementor-top-section elementor-element elementor-element-5b17ff2 elementor-section-boxed elementor-section-height-default elementor-section-height-default\" data-id=\"5b17ff2\" data-element_type=\"section\" data-e-type=\"section\">\n\t\t\t\t\t\t<div class=\"elementor-container elementor-column-gap-default\">\n\t\t\t\t\t<div class=\"elementor-column elementor-col-100 elementor-top-column elementor-element elementor-element-dd6eafb\" data-id=\"dd6eafb\" data-element_type=\"column\" data-e-type=\"column\">\n\t\t\t<div class=\"elementor-widget-wrap elementor-element-populated\">\n\t\t\t\t\t\t<div class=\"elementor-element elementor-element-ce982b1 elementor-widget elementor-widget-text-editor\" data-id=\"ce982b1\" data-element_type=\"widget\" data-e-type=\"widget\" data-widget_type=\"text-editor.default\">\n\t\t\t\t<div class=\"elementor-widget-container\">\n\t\t\t\t\t\t\t\t\t<p><strong>Firmenbezeichnung und Anschrift:<br>s<\/strong>ky <strong>v<\/strong>ision <strong>S<\/strong>atellitenempfangstechnik GmbH<\/p>\n<p>B\u00fcroadresse:&nbsp;G\u00f6rdelingerstr. 47,&nbsp;<span style=\"color: var( --e-global-color-text ); font-family: var( --e-global-typography-accent-font-family ), Sans-serif; font-size: var( --e-global-typography-accent-font-size ); font-style: var( --e-global-typography-accent-font-style ); text-transform: var( --e-global-typography-accent-text-transform ); text-decoration: var( --e-global-typography-accent-text-decoration );\">38100 Braunschweig<\/span><\/p>\n<p>Telefon:&nbsp;+49 531 230466-0<br><span style=\"color: var( --e-global-color-text ); font-family: var( --e-global-typography-accent-font-family ), Sans-serif; font-size: var( --e-global-typography-accent-font-size ); font-style: var( --e-global-typography-accent-font-style ); text-transform: var( --e-global-typography-accent-text-transform ); text-decoration: var( --e-global-typography-accent-text-decoration );\">Telefax:&nbsp;<\/span><span style=\"color: var( --e-global-color-text ); font-family: var( --e-global-typography-accent-font-family ), Sans-serif; font-size: var( --e-global-typography-accent-font-size ); font-style: var( --e-global-typography-accent-font-style ); text-transform: var( --e-global-typography-accent-text-transform ); text-decoration: var( --e-global-typography-accent-text-decoration );\">+49 531 230466-25<\/span><\/p>\n<p><span style=\"color: var( --e-global-color-text ); font-family: var( --e-global-typography-accent-font-family ), Sans-serif; font-size: var( --e-global-typography-accent-font-size ); font-style: var( --e-global-typography-accent-font-style ); text-transform: var( --e-global-typography-accent-text-transform ); text-decoration: var( --e-global-typography-accent-text-decoration );\">Kein Endkundensupport unter dieser Rufnummer !<\/span><\/p>\n<p><strong>A<\/strong><strong>nsprechpartner Internet: <\/strong><br>Nur f\u00fcr Informationen und Anfragen <strong>rund um den Internetauftritt<\/strong> von SVS. F\u00fcr Produktanfragen kontaktieren Sie bitte Ihren Fachh\u00e4ndler:<br><a href=\"mailto:webmaster@svs-vertrieb.de\">Bernd Isensee<\/a><\/p>\n<p><strong>Online-Streitbeilegung gem\u00e4\u00df Art. 14 Abs. 1 ODR-VO:<\/strong><br>Die Europ\u00e4ische Kommission stellt eine Plattform zur Online-Streitbeilegung (OS) bereit, die Sie hier finden <a href=\"http:\/\/ec.europa.eu\/consumers\/odr\/\">http:\/\/ec.europa.eu\/consumers\/odr\/<\/a>.<br>Zur Teilnahme an einem Streitbeilegungsverfahren vor einer Verbraucherschlichtungsstelle sind wir nicht verpflichtet und nicht bereit.<\/p>\n<p><strong>Telefonischer Kontakt f\u00fcr Endku<\/strong><strong>nden:<\/strong><\/p>\n<p><strong>Endkunden Hotline: <\/strong>+49 3928 42932 74<\/p>\n<p><span style=\"font-family: var( --e-global-typography-accent-font-family ), Sans-serif; font-size: var( --e-global-typography-accent-font-size ); font-style: var( --e-global-typography-accent-font-style ); text-transform: var( --e-global-typography-accent-text-transform ); text-decoration: var( --e-global-typography-accent-text-decoration );\">Software Updates finden Sie hier: <\/span><a href=\"https:\/\/www.sky-vision.de\/cms,download\" style=\"font-family: var( --e-global-typography-accent-font-family ), Sans-serif; font-size: var( --e-global-typography-accent-font-size ); font-style: var( --e-global-typography-accent-font-style ); text-transform: var( --e-global-typography-accent-text-transform );\">Link zu Updates \/ Downloads<\/a><br><\/p>\n<p><strong>Sie k\u00f6nnen uns erreichen:<br><\/strong>Mo &#8211; Do: 08.00 &#8211; 17.00 Uhr<br>Fr: 08.00 &#8211; 15.30 Uhr<\/p>\n<p><strong>&nbsp;<\/strong><\/p>\n<p><strong>Gesch\u00e4ftsf\u00fchrer:<\/strong><br>Andrej Ganski<br>Nicolas Carl Sebastian Helms<\/p>\n<p><strong>Verantwortlicher im Sinne von \u00a7 18 Abs. 2 MStV:<\/strong><br>Frank Scheibe<br>Posadowskyanlagen 2<br>04317 Leipzig<\/p>\n<p><strong>Datenschutzbeauftragte:r:<\/strong><strong><br><\/strong>Bei Fragen zur Erhebung, Verarbeitung oder Nutzung Ihrer personenbezogenen Daten, bei Ausk\u00fcnften, Berichtigung, Sperrung oder L\u00f6schung von Daten sowie Widerruf ggf. erteilter Einwilligungen oder Widerspruch gegen eine bestimmte Datenverwendung wenden Sie sich bitte an:<\/p>\n<p>Herr Philipp Herold<br>Herold Unternehmensberatung GmbH<br>Rudolf-Diesel-Str. 10<br>23617 Stockelsdorf<\/p>\n<p><strong>Firmendaten:<\/strong><\/p>\n<p>Sitz: Schw\u00fclper<br>Amtsgericht: Hildesheim&nbsp;HRB 100143<br>Umsatzsteuer ID: DE 115 242 953<br>WEEE-Reg.-Nr.: DE 96 751 849<br>Verpackungsverordnung<br>(Duales System): D-59633-2008-0204<br>Verpackungsregister: DE4848894361143<br>Steuernummer: 14\/212\/04069<\/p>\n<p><strong>&nbsp;<\/strong><\/p>\n<p><strong>Sehr geehrte Kundinnen und Kunden,<\/strong><\/p>\n<p>hiermit stellen wir die R\u00fccknahme und Verwertung gebrauchter Batterien sicher, einfach und unkompliziert .<\/p>\n<p>&#8211; Laut Batteriegesetz sind Sie zur R\u00fcckgabe der Altbatterien<br>gesetzlich verpflichtet, welche das Symbol der durchgestrichenen<br>Abfalltonne und die Zeichen Pb, Cd und Hg tragen.<br>&#8211; Die Entsorgung der Altbatterien \u00fcber den Hausm\u00fcll ist gesetzlich verboten.<br>&#8211; Sch\u00fctzen Sie mit uns unsere Natur vor umweltsch\u00e4dlichen Belastungen<br>&#8211; Geben Sie bitte Ihre Altbatterien zur Entsorgung an der Verkaufsstelle ab.<\/p>\t\t\t\t\t\t\t\t<\/div>\n\t\t\t\t<\/div>\n\t\t\t\t\t<\/div>\n\t\t<\/div>\n\t\t\t\t\t<\/div>\n\t\t<\/section>\n\t\t\t\t<\/div>\n\t\t","protected":false},"excerpt":{"rendered":"<p>Impressum Firmenbezeichnung und Anschrift:sky vision Satellitenempfangstechnik GmbH B\u00fcroadresse:&nbsp;G\u00f6rdelingerstr. 47,&nbsp;38100 Braunschweig Telefon:&nbsp;+49 531 230466-0Telefax:&nbsp;+49 531 230466-25 Kein Endkundensupport unter dieser Rufnummer ! Ansprechpartner Internet: Nur f\u00fcr Informationen und Anfragen rund um den Internetauftritt von SVS. F\u00fcr Produktanfragen kontaktieren Sie bitte Ihren Fachh\u00e4ndler:Bernd Isensee Online-Streitbeilegung gem\u00e4\u00df Art. 14 Abs. 1 ODR-VO:Die Europ\u00e4ische Kommission stellt eine Plattform zur [&hellip;]<\/p>\n","protected":false},"author":1,"featured_media":0,"parent":0,"menu_order":0,"comment_status":"closed","ping_status":"closed","template":"elementor_header_footer","meta":{"_acf_changed":false,"inline_featured_image":false,"footnotes":""},"class_list":["post-154","page","type-page","status-publish","hentry"],"acf":[],"yoast_head":"<!-- This site is optimized with the Yoast SEO plugin v27.2 - https:\/\/yoast.com\/product\/yoast-seo-wordpress\/ -->\n<title>Impressum - SVS \u2013 Vertrieb &amp; Service aus Leidenschaft<\/title>\n<meta name=\"robots\" content=\"index, follow, max-snippet:-1, max-image-preview:large, max-video-preview:-1\" \/>\n<link rel=\"canonical\" href=\"https:\/\/svs-vertrieb.de\/home\/impressum\/\" \/>\n<meta property=\"og:locale\" content=\"de_DE\" \/>\n<meta property=\"og:type\" content=\"article\" \/>\n<meta property=\"og:title\" content=\"Impressum - SVS \u2013 Vertrieb &amp; Service aus Leidenschaft\" \/>\n<meta property=\"og:description\" content=\"Impressum Firmenbezeichnung und Anschrift:sky vision Satellitenempfangstechnik GmbH B\u00fcroadresse:&nbsp;G\u00f6rdelingerstr. 47,&nbsp;38100 Braunschweig Telefon:&nbsp;+49 531 230466-0Telefax:&nbsp;+49 531 230466-25 Kein Endkundensupport unter dieser Rufnummer ! Ansprechpartner Internet: Nur f\u00fcr Informationen und Anfragen rund um den Internetauftritt von SVS. F\u00fcr Produktanfragen kontaktieren Sie bitte Ihren Fachh\u00e4ndler:Bernd Isensee Online-Streitbeilegung gem\u00e4\u00df Art. 14 Abs. 1 ODR-VO:Die Europ\u00e4ische Kommission stellt eine Plattform zur [&hellip;]\" \/>\n<meta property=\"og:url\" content=\"https:\/\/svs-vertrieb.de\/home\/impressum\/\" \/>\n<meta property=\"og:site_name\" content=\"SVS \u2013 Vertrieb &amp; Service aus Leidenschaft\" \/>\n<meta property=\"article:modified_time\" content=\"2025-06-13T10:01:18+00:00\" \/>\n<meta name=\"twitter:card\" content=\"summary_large_image\" \/>\n<meta name=\"twitter:label1\" content=\"Gesch\u00e4tzte Lesezeit\" \/>\n\t<meta name=\"twitter:data1\" content=\"2\u00a0Minuten\" \/>\n<script type=\"application\/ld+json\" class=\"yoast-schema-graph\">{\"@context\":\"https:\/\/schema.org\",\"@graph\":[{\"@type\":\"WebPage\",\"@id\":\"https:\/\/svs-vertrieb.de\/home\/impressum\/\",\"url\":\"https:\/\/svs-vertrieb.de\/home\/impressum\/\",\"name\":\"Impressum - SVS \u2013 Vertrieb &amp; Service aus Leidenschaft\",\"isPartOf\":{\"@id\":\"https:\/\/svs-vertrieb.de\/home\/#website\"},\"datePublished\":\"2023-05-30T14:22:37+00:00\",\"dateModified\":\"2025-06-13T10:01:18+00:00\",\"breadcrumb\":{\"@id\":\"https:\/\/svs-vertrieb.de\/home\/impressum\/#breadcrumb\"},\"inLanguage\":\"de\",\"potentialAction\":[{\"@type\":\"ReadAction\",\"target\":[\"https:\/\/svs-vertrieb.de\/home\/impressum\/\"]}]},{\"@type\":\"BreadcrumbList\",\"@id\":\"https:\/\/svs-vertrieb.de\/home\/impressum\/#breadcrumb\",\"itemListElement\":[{\"@type\":\"ListItem\",\"position\":1,\"name\":\"Home\",\"item\":\"https:\/\/svs-vertrieb.de\/home\/\"},{\"@type\":\"ListItem\",\"position\":2,\"name\":\"Impressum\"}]},{\"@type\":\"WebSite\",\"@id\":\"https:\/\/svs-vertrieb.de\/home\/#website\",\"url\":\"https:\/\/svs-vertrieb.de\/home\/\",\"name\":\"SVS \u2013 Vertrieb &amp; Service aus Leidenschaft\",\"description\":\"Full-Service f\u00fcr den Fachhandel &amp; 360\u00b0 E-Commerce Partner f\u00fcr Marken\",\"potentialAction\":[{\"@type\":\"SearchAction\",\"target\":{\"@type\":\"EntryPoint\",\"urlTemplate\":\"https:\/\/svs-vertrieb.de\/home\/?s={search_term_string}\"},\"query-input\":{\"@type\":\"PropertyValueSpecification\",\"valueRequired\":true,\"valueName\":\"search_term_string\"}}],\"inLanguage\":\"de\"}]}<\/script>\n<!-- \/ Yoast SEO plugin. -->","yoast_head_json":{"title":"Impressum - SVS \u2013 Vertrieb &amp; Service aus Leidenschaft","robots":{"index":"index","follow":"follow","max-snippet":"max-snippet:-1","max-image-preview":"max-image-preview:large","max-video-preview":"max-video-preview:-1"},"canonical":"https:\/\/svs-vertrieb.de\/home\/impressum\/","og_locale":"de_DE","og_type":"article","og_title":"Impressum - SVS \u2013 Vertrieb &amp; Service aus Leidenschaft","og_description":"Impressum Firmenbezeichnung und Anschrift:sky vision Satellitenempfangstechnik GmbH B\u00fcroadresse:&nbsp;G\u00f6rdelingerstr. 47,&nbsp;38100 Braunschweig Telefon:&nbsp;+49 531 230466-0Telefax:&nbsp;+49 531 230466-25 Kein Endkundensupport unter dieser Rufnummer ! Ansprechpartner Internet: Nur f\u00fcr Informationen und Anfragen rund um den Internetauftritt von SVS. F\u00fcr Produktanfragen kontaktieren Sie bitte Ihren Fachh\u00e4ndler:Bernd Isensee Online-Streitbeilegung gem\u00e4\u00df Art. 14 Abs. 1 ODR-VO:Die Europ\u00e4ische Kommission stellt eine Plattform zur [&hellip;]","og_url":"https:\/\/svs-vertrieb.de\/home\/impressum\/","og_site_name":"SVS \u2013 Vertrieb &amp; Service aus Leidenschaft","article_modified_time":"2025-06-13T10:01:18+00:00","twitter_card":"summary_large_image","twitter_misc":{"Gesch\u00e4tzte Lesezeit":"2\u00a0Minuten"},"schema":{"@context":"https:\/\/schema.org","@graph":[{"@type":"WebPage","@id":"https:\/\/svs-vertrieb.de\/home\/impressum\/","url":"https:\/\/svs-vertrieb.de\/home\/impressum\/","name":"Impressum - SVS \u2013 Vertrieb &amp; Service aus Leidenschaft","isPartOf":{"@id":"https:\/\/svs-vertrieb.de\/home\/#website"},"datePublished":"2023-05-30T14:22:37+00:00","dateModified":"2025-06-13T10:01:18+00:00","breadcrumb":{"@id":"https:\/\/svs-vertrieb.de\/home\/impressum\/#breadcrumb"},"inLanguage":"de","potentialAction":[{"@type":"ReadAction","target":["https:\/\/svs-vertrieb.de\/home\/impressum\/"]}]},{"@type":"BreadcrumbList","@id":"https:\/\/svs-vertrieb.de\/home\/impressum\/#breadcrumb","itemListElement":[{"@type":"ListItem","position":1,"name":"Home","item":"https:\/\/svs-vertrieb.de\/home\/"},{"@type":"ListItem","position":2,"name":"Impressum"}]},{"@type":"WebSite","@id":"https:\/\/svs-vertrieb.de\/home\/#website","url":"https:\/\/svs-vertrieb.de\/home\/","name":"SVS \u2013 Vertrieb &amp; Service aus Leidenschaft","description":"Full-Service f\u00fcr den Fachhandel &amp; 360\u00b0 E-Commerce Partner f\u00fcr Marken","potentialAction":[{"@type":"SearchAction","target":{"@type":"EntryPoint","urlTemplate":"https:\/\/svs-vertrieb.de\/home\/?s={search_term_string}"},"query-input":{"@type":"PropertyValueSpecification","valueRequired":true,"valueName":"search_term_string"}}],"inLanguage":"de"}]}},"_links":{"self":[{"href":"https:\/\/svs-vertrieb.de\/home\/wp-json\/wp\/v2\/pages\/154","targetHints":{"allow":["GET"]}}],"collection":[{"href":"https:\/\/svs-vertrieb.de\/home\/wp-json\/wp\/v2\/pages"}],"about":[{"href":"https:\/\/svs-vertrieb.de\/home\/wp-json\/wp\/v2\/types\/page"}],"author":[{"embeddable":true,"href":"https:\/\/svs-vertrieb.de\/home\/wp-json\/wp\/v2\/users\/1"}],"replies":[{"embeddable":true,"href":"https:\/\/svs-vertrieb.de\/home\/wp-json\/wp\/v2\/comments?post=154"}],"version-history":[{"count":8,"href":"https:\/\/svs-vertrieb.de\/home\/wp-json\/wp\/v2\/pages\/154\/revisions"}],"predecessor-version":[{"id":2082,"href":"https:\/\/svs-vertrieb.de\/home\/wp-json\/wp\/v2\/pages\/154\/revisions\/2082"}],"wp:attachment":[{"href":"https:\/\/svs-vertrieb.de\/home\/wp-json\/wp\/v2\/media?parent=154"}],"curies":[{"name":"wp","href":"https:\/\/api.w.org\/{rel}","templated":true}]}}