{"id":175,"date":"2023-05-30T16:29:36","date_gmt":"2023-05-30T14:29:36","guid":{"rendered":"https:\/\/svs-vertrieb.de\/home\/?page_id=175"},"modified":"2025-01-27T15:05:20","modified_gmt":"2025-01-27T14:05:20","slug":"haftungsausschluss","status":"publish","type":"page","link":"https:\/\/svs-vertrieb.de\/home\/haftungsausschluss\/","title":{"rendered":"Haftungsausschluss"},"content":{"rendered":"\t\t<div data-elementor-type=\"wp-page\" data-elementor-id=\"175\" class=\"elementor elementor-175\" data-elementor-post-type=\"page\">\n\t\t\t\t\t\t<section class=\"elementor-section elementor-top-section elementor-element elementor-element-0f9e32a elementor-section-boxed elementor-section-height-default elementor-section-height-default\" data-id=\"0f9e32a\" data-element_type=\"section\" data-e-type=\"section\">\n\t\t\t\t\t\t<div class=\"elementor-container elementor-column-gap-default\">\n\t\t\t\t\t<div class=\"elementor-column elementor-col-100 elementor-top-column elementor-element elementor-element-7dc980d\" data-id=\"7dc980d\" data-element_type=\"column\" data-e-type=\"column\">\n\t\t\t<div class=\"elementor-widget-wrap elementor-element-populated\">\n\t\t\t\t\t\t<div class=\"elementor-element elementor-element-a61ba9e elementor-widget elementor-widget-heading\" data-id=\"a61ba9e\" data-element_type=\"widget\" data-e-type=\"widget\" data-widget_type=\"heading.default\">\n\t\t\t\t<div class=\"elementor-widget-container\">\n\t\t\t\t\t<h1 class=\"elementor-heading-title elementor-size-default\">Haftungsausschluss<\/h1>\t\t\t\t<\/div>\n\t\t\t\t<\/div>\n\t\t\t\t\t<\/div>\n\t\t<\/div>\n\t\t\t\t\t<\/div>\n\t\t<\/section>\n\t\t\t\t<section class=\"elementor-section elementor-top-section elementor-element elementor-element-5b17ff2 elementor-section-boxed elementor-section-height-default elementor-section-height-default\" data-id=\"5b17ff2\" data-element_type=\"section\" data-e-type=\"section\">\n\t\t\t\t\t\t<div class=\"elementor-container elementor-column-gap-default\">\n\t\t\t\t\t<div class=\"elementor-column elementor-col-100 elementor-top-column elementor-element elementor-element-dd6eafb\" data-id=\"dd6eafb\" data-element_type=\"column\" data-e-type=\"column\">\n\t\t\t<div class=\"elementor-widget-wrap elementor-element-populated\">\n\t\t\t\t\t\t<div class=\"elementor-element elementor-element-ce982b1 elementor-widget elementor-widget-text-editor\" data-id=\"ce982b1\" data-element_type=\"widget\" data-e-type=\"widget\" data-widget_type=\"text-editor.default\">\n\t\t\t\t<div class=\"elementor-widget-container\">\n\t\t\t\t\t\t\t\t\t<p><strong>Verantwortliche Stelle f\u00fcr die Datenverarbeitung ist (SVS) Fa. sky vision Satellitenempfangstechnik GmbH, G\u00f6rdelinger Str. 47, 38100 Braunschweig, Gesch\u00e4ftsf\u00fchrer Andrej Ganski und Nicolas Carl Sebastian Helms. Weitere Einzelheiten zur verantwortlichen Stelle finden Sie im Impressum.<\/strong><\/p><p><strong>1. Inhalt des Onlineangebotes <\/strong><br \/>Der Autor \/ die Firma SVS \u00fcbernimmt keinerlei Gew\u00e4hr f\u00fcr die Aktualit\u00e4t, Korrektheit, Vollst\u00e4ndigkeit oder Qualit\u00e4t der bereitgestellten Informationen. Haftungsanspr\u00fcche gegen den Autor \/ die Firma SVS, welche sich auf Sch\u00e4den materieller oder ideeller Art beziehen, die durch die Nutzung oder Nichtnutzung der dargebotenen Informationen bzw. durch die Nutzung fehlerhafter und unvollst\u00e4ndiger Informationen verursacht wurden, sind grunds\u00e4tzlich ausgeschlossen, sofern seitens des Autors \/ der Firma SVS kein nachweislich vors\u00e4tzliches oder grob fahrl\u00e4ssiges Verschulden vorliegt.<\/p><p>Alle Angebote sind freibleibend und unverbindlich. Der Autor \/ die Firma SVS beh\u00e4lt es sich ausdr\u00fccklich vor, Teile der Seiten oder das gesamte Angebot ohne gesonderte Ank\u00fcndigung zu ver\u00e4ndern, zu erg\u00e4nzen, zu l\u00f6schen oder die Ver\u00f6ffentlichung zeitweise oder endg\u00fcltig einzustellen.<\/p><p>\u00c4nderungen der Produkte, bzw. ihrer technischen Daten sind jederzeit und ohne vorherige Ank\u00fcndigung m\u00f6glich. Unterschiede zwischen Abbildungen und dem tats\u00e4chlichen Lieferumfang behalten wir uns vor.<\/p><p><strong>2. Verweise und Links<\/strong><br \/>Bei direkten oder indirekten Verweisen auf fremde Webseiten (&#8222;Hyperlinks&#8220;), die au\u00dferhalb des Verantwortungsbereiches des Autors liegen, w\u00fcrde eine Haftungsverpflichtung ausschlie\u00dflich in dem Fall in Kraft treten, in dem der Autor \/ die Firma SVS von den Inhalten Kenntnis hat und es ihm technisch m\u00f6glich und zumutbar w\u00e4re, die Nutzung im Falle rechtswidriger Inhalte zu verhindern.<\/p><p>Der Autor \/ die Firma SVS erkl\u00e4rt hiermit ausdr\u00fccklich, dass zum Zeitpunkt der Linksetzung keine illegalen Inhalte auf den zu verlinkenden Seiten erkennbar waren. Auf die aktuelle und zuk\u00fcnftige Gestaltung, die Inhalte oder die Urheberschaft der verlinkten\/verkn\u00fcpften Seiten hat der Autor \/ die Firma SVS keinerlei Einfluss. Deshalb distanziert er sich hiermit ausdr\u00fccklich von allen Inhalten aller verlinkten \/verkn\u00fcpften Seiten, die nach der Linksetzung ver\u00e4ndert wurden.<\/p><p>Diese Feststellung gilt f\u00fcr alle innerhalb des eigenen Internetangebotes gesetzten Links und Verweise sowie f\u00fcr Fremdeintr\u00e4ge in vom Autor eingerichteten G\u00e4steb\u00fcchern, Diskussionsforen, Linkverzeichnissen, Mailinglisten und in allen anderen Formen von Datenbanken, auf deren Inhalt externe Schreibzugriffe m\u00f6glich sind. F\u00fcr illegale, fehlerhafte oder unvollst\u00e4ndige Inhalte und insbesondere f\u00fcr Sch\u00e4den, die aus der Nutzung oder Nichtnutzung solcherart dargebotener Informationen entstehen, haftet allein der Anbieter der Seite, auf welche verwiesen wurde, nicht derjenige, der \u00fcber Links auf die jeweilige Ver\u00f6ffentlichung lediglich verweist.<\/p><p><strong>3. Urheber- und Kennzeichenrecht<\/strong><br \/>Der Autor \/ die Firma SVS ist bestrebt, in allen Publikationen die Urheberrechte der verwendeten Bilder, Grafiken, Tondokumente, Videosequenzen und Texte zu beachten, von ihm selbst erstellte Bilder, Grafiken, Tondokumente, Videosequenzen und Texte zu nutzen oder auf lizenzfreie Grafiken, Tondokumente, Videosequenzen und Texte zur\u00fcckzugreifen.<\/p><p>Alle innerhalb des Internetangebotes genannten und ggf. durch Dritte gesch\u00fctzten Marken- und Warenzeichen unterliegen uneingeschr\u00e4nkt den Bestimmungen des jeweils g\u00fcltigen Kennzeichenrechts und den Besitzrechten der jeweiligen eingetragenen Eigent\u00fcmer. Allein aufgrund der blo\u00dfen Nennung ist nicht der Schluss zu ziehen, dass Markenzeichen nicht durch Rechte Dritter gesch\u00fctzt sind!<\/p><p><strong>4. Verf\u00fcgbarkeit und Lieferzeiten<\/strong><br \/>Verf\u00fcgbarkeiten und Lieferzeiten sind herstellerabh\u00e4ngig. Beliefert wird ausschlie\u00dflich der Fachhandel. Alle Angebote sind freibleibend und unverbindlich. Es gelten unsere allgemeinen Gesch\u00e4ftsbedingungen. Die Vervielf\u00e4ltigung und Verbreitung von Inhalten (Grafiken, Videosequenzen, Texten, etc.) dieser Seite &#8211; in allen Varianten (elektronisch oder gedruckt)\u00a0 &#8211; bedarf der schriftlichen Genehmigung der Sky Vision Satellitenempfangstechnik GmbH.<\/p><p><strong>5. Datenschutz <\/strong><br \/>Sofern innerhalb des Internetangebotes die M\u00f6glichkeit zur Eingabe pers\u00f6nlicher oder gesch\u00e4ftlicher Daten (Emailadressen, Namen, Anschriften) besteht, so erfolgt die Preisgabe dieser Daten seitens des Nutzers auf ausdr\u00fccklich freiwilliger Basis. Die Inanspruchnahme und Bezahlung aller angebotenen Dienste ist &#8211; soweit technisch m\u00f6glich und zumutbar &#8211; auch ohne Angabe solcher Daten bzw. unter Angabe anonymisierter Daten oder eines Pseudonyms gestattet. Die Nutzung der im Rahmen des Impressums oder vergleichbarer Angaben ver\u00f6ffentlichten Kontaktdaten wie Postanschriften, Telefon- und Faxnummern sowie Emailadressen durch Dritte zur \u00dcbersendung von nicht ausdr\u00fccklich angeforderten Informationen ist nicht gestattet. Rechtliche Schritte gegen die Versender von so genannten Spam-Mails bei Verst\u00f6\u00dfen gegen dieses Verbot sind ausdr\u00fccklich vorbehalten.<\/p><p>Wir verwenden Ihre Bestandsdaten ausschlie\u00dflich zur Abwicklung Ihrer Bestellung. Alle Kundendaten werden unter Beachtung der einschl\u00e4gigen Vorschriften des Bundesdatenschutzgesetzes (BDSG) und des Teledienstdatenschutzgesetzes (TDDSG) von uns gespeichert und verarbeitet.<\/p><p>Sie haben jederzeit ein Recht auf kostenlose Auskunft, Berichtigung, Sperrung und L\u00f6schung Ihrer gespeicherten Daten. Bitte wenden Sie sich an den Webmaster oder senden Sie uns Ihren Wunsch per Post oder Fax.<br \/>Wir geben Ihre personenbezogenen Daten einschlie\u00dflich Ihrer Hausadresse und E-Mail-Adresse nicht ohne Ihre ausdr\u00fcckliche und jederzeit widerrufliche Einwilligung an Dritte weiter. Ausgenommen hiervon sind unsere Dienstleistungspartner, die zur Bestellabwicklung die \u00dcbermittlung von Daten ben\u00f6tigen (z.B. das mit der Lieferung beauftragte Versandunternehmen und das mit der Zahlungsabwicklung beauftragte Kreditinstitut). In diesen F\u00e4llen beschr\u00e4nkt sich der Umfang der \u00fcbermittelten Daten jedoch nur auf das erforderliche Minimum.<\/p><p><strong>Datenschutzbeauftragte:r:<br \/><\/strong>Herr Philipp Herold<br \/>Herold Unternehmensberatung GmbH<br \/>Rudolf-Diesel-Str. 10<br \/>23617 Stockelsdorf<\/p><p><strong>6. Verwendung von Cookies<\/strong><br \/>Damit Sie unseren Online-Shop nutzen k\u00f6nnen, wird beim Aufruf bestimmter Seiten ein so genanntes serverseitiges Session-Cookie (sid) gesetzt. Hierbei handelt es sich um eine kleine Textdatei, die nach Ende der Browser-Sitzung automatisch wieder vom Webserver gel\u00f6scht wird. Diese Datei dient ausschlie\u00dflich dazu, bestimmte Applikationen nutzen zu k\u00f6nnen, z.B. unser Warenkorbsystem. Auf Ihrem eigenen Rechner werden keine Daten-Cookies gespeichert.<\/p><p><strong>7. Sicherheit<\/strong><br \/>Ihre pers\u00f6nlichen Daten werden verschl\u00fcsselt mittels 128 bit SSL v3, RC4, RSA mit 1024 Bit Austausch, ausgestellt von Thawte Server Certification Authority \u00fcber das Internet \u00fcbertragen. Wir setzen technische und organisatorische Sicherheitsmassnahmen ein, um Ihre durch uns verwalteten Daten gegen zuf\u00e4llige oder vors\u00e4tzliche Manipulationen, Verlust, Zerst\u00f6rung oder gegen den Zugriff unberechtigter Personen zu sch\u00fctzen.<\/p><p><strong>8. Rechtswirksamkeit dieses Haftungsausschlusses <\/strong><br \/>Dieser Haftungsausschluss ist als Teil des Internetangebotes zu betrachten, von dem aus auf diese Seite verwiesen wurde. Sofern Teile oder einzelne Formulierungen dieses Textes der geltenden Rechtslage nicht, nicht mehr oder nicht vollst\u00e4ndig entsprechen sollten, bleiben die \u00fcbrigen Teile des Dokumentes in ihrem Inhalt und ihrer G\u00fcltigkeit davon unber\u00fchrt.<\/p><p><strong>sky vision Satellitenempfangstechnik GmbH<br \/><\/strong><br \/>Gesch\u00e4ftsf\u00fchrer:<br \/>Andreas Ganski,<br \/>Nicolas Carl Sebastian Helms<\/p><p>AG Hildesheim, HRB 100143<\/p><p><strong>sky vision Satellitenempfangstechnik GmbH<br \/><\/strong>E-Mail Kontakt<\/p>\t\t\t\t\t\t\t\t<\/div>\n\t\t\t\t<\/div>\n\t\t\t\t\t<\/div>\n\t\t<\/div>\n\t\t\t\t\t<\/div>\n\t\t<\/section>\n\t\t\t\t<\/div>\n\t\t","protected":false},"excerpt":{"rendered":"<p>Haftungsausschluss Verantwortliche Stelle f\u00fcr die Datenverarbeitung ist (SVS) Fa. sky vision Satellitenempfangstechnik GmbH, G\u00f6rdelinger Str. 47, 38100 Braunschweig, Gesch\u00e4ftsf\u00fchrer Andrej Ganski und Nicolas Carl Sebastian Helms. Weitere Einzelheiten zur verantwortlichen Stelle finden Sie im Impressum. 1. Inhalt des Onlineangebotes Der Autor \/ die Firma SVS \u00fcbernimmt keinerlei Gew\u00e4hr f\u00fcr die Aktualit\u00e4t, Korrektheit, Vollst\u00e4ndigkeit oder Qualit\u00e4t [&hellip;]<\/p>\n","protected":false},"author":1,"featured_media":0,"parent":0,"menu_order":0,"comment_status":"closed","ping_status":"closed","template":"elementor_header_footer","meta":{"_acf_changed":false,"inline_featured_image":false,"footnotes":""},"class_list":["post-175","page","type-page","status-publish","hentry"],"acf":[],"yoast_head":"<!-- This site is optimized with the Yoast SEO plugin v27.2 - https:\/\/yoast.com\/product\/yoast-seo-wordpress\/ -->\n<title>Haftungsausschluss - SVS \u2013 Vertrieb &amp; Service aus Leidenschaft<\/title>\n<meta name=\"robots\" content=\"index, follow, max-snippet:-1, max-image-preview:large, max-video-preview:-1\" \/>\n<link rel=\"canonical\" href=\"https:\/\/svs-vertrieb.de\/home\/haftungsausschluss\/\" \/>\n<meta property=\"og:locale\" content=\"de_DE\" \/>\n<meta property=\"og:type\" content=\"article\" \/>\n<meta property=\"og:title\" content=\"Haftungsausschluss - SVS \u2013 Vertrieb &amp; Service aus Leidenschaft\" \/>\n<meta property=\"og:description\" content=\"Haftungsausschluss Verantwortliche Stelle f\u00fcr die Datenverarbeitung ist (SVS) Fa. sky vision Satellitenempfangstechnik GmbH, G\u00f6rdelinger Str. 47, 38100 Braunschweig, Gesch\u00e4ftsf\u00fchrer Andrej Ganski und Nicolas Carl Sebastian Helms. Weitere Einzelheiten zur verantwortlichen Stelle finden Sie im Impressum. 1. Inhalt des Onlineangebotes Der Autor \/ die Firma SVS \u00fcbernimmt keinerlei Gew\u00e4hr f\u00fcr die Aktualit\u00e4t, Korrektheit, Vollst\u00e4ndigkeit oder Qualit\u00e4t [&hellip;]\" \/>\n<meta property=\"og:url\" content=\"https:\/\/svs-vertrieb.de\/home\/haftungsausschluss\/\" \/>\n<meta property=\"og:site_name\" content=\"SVS \u2013 Vertrieb &amp; Service aus Leidenschaft\" \/>\n<meta property=\"article:modified_time\" content=\"2025-01-27T14:05:20+00:00\" \/>\n<meta name=\"twitter:card\" content=\"summary_large_image\" \/>\n<meta name=\"twitter:label1\" content=\"Gesch\u00e4tzte Lesezeit\" \/>\n\t<meta name=\"twitter:data1\" content=\"6\u00a0Minuten\" \/>\n<script type=\"application\/ld+json\" class=\"yoast-schema-graph\">{\"@context\":\"https:\/\/schema.org\",\"@graph\":[{\"@type\":\"WebPage\",\"@id\":\"https:\/\/svs-vertrieb.de\/home\/haftungsausschluss\/\",\"url\":\"https:\/\/svs-vertrieb.de\/home\/haftungsausschluss\/\",\"name\":\"Haftungsausschluss - SVS \u2013 Vertrieb &amp; Service aus Leidenschaft\",\"isPartOf\":{\"@id\":\"https:\/\/svs-vertrieb.de\/home\/#website\"},\"datePublished\":\"2023-05-30T14:29:36+00:00\",\"dateModified\":\"2025-01-27T14:05:20+00:00\",\"breadcrumb\":{\"@id\":\"https:\/\/svs-vertrieb.de\/home\/haftungsausschluss\/#breadcrumb\"},\"inLanguage\":\"de\",\"potentialAction\":[{\"@type\":\"ReadAction\",\"target\":[\"https:\/\/svs-vertrieb.de\/home\/haftungsausschluss\/\"]}]},{\"@type\":\"BreadcrumbList\",\"@id\":\"https:\/\/svs-vertrieb.de\/home\/haftungsausschluss\/#breadcrumb\",\"itemListElement\":[{\"@type\":\"ListItem\",\"position\":1,\"name\":\"Home\",\"item\":\"https:\/\/svs-vertrieb.de\/home\/\"},{\"@type\":\"ListItem\",\"position\":2,\"name\":\"Haftungsausschluss\"}]},{\"@type\":\"WebSite\",\"@id\":\"https:\/\/svs-vertrieb.de\/home\/#website\",\"url\":\"https:\/\/svs-vertrieb.de\/home\/\",\"name\":\"SVS \u2013 Vertrieb &amp; Service aus Leidenschaft\",\"description\":\"Full-Service f\u00fcr den Fachhandel &amp; 360\u00b0 E-Commerce Partner f\u00fcr Marken\",\"potentialAction\":[{\"@type\":\"SearchAction\",\"target\":{\"@type\":\"EntryPoint\",\"urlTemplate\":\"https:\/\/svs-vertrieb.de\/home\/?s={search_term_string}\"},\"query-input\":{\"@type\":\"PropertyValueSpecification\",\"valueRequired\":true,\"valueName\":\"search_term_string\"}}],\"inLanguage\":\"de\"}]}<\/script>\n<!-- \/ Yoast SEO plugin. -->","yoast_head_json":{"title":"Haftungsausschluss - SVS \u2013 Vertrieb &amp; Service aus Leidenschaft","robots":{"index":"index","follow":"follow","max-snippet":"max-snippet:-1","max-image-preview":"max-image-preview:large","max-video-preview":"max-video-preview:-1"},"canonical":"https:\/\/svs-vertrieb.de\/home\/haftungsausschluss\/","og_locale":"de_DE","og_type":"article","og_title":"Haftungsausschluss - SVS \u2013 Vertrieb &amp; Service aus Leidenschaft","og_description":"Haftungsausschluss Verantwortliche Stelle f\u00fcr die Datenverarbeitung ist (SVS) Fa. sky vision Satellitenempfangstechnik GmbH, G\u00f6rdelinger Str. 47, 38100 Braunschweig, Gesch\u00e4ftsf\u00fchrer Andrej Ganski und Nicolas Carl Sebastian Helms. Weitere Einzelheiten zur verantwortlichen Stelle finden Sie im Impressum. 1. Inhalt des Onlineangebotes Der Autor \/ die Firma SVS \u00fcbernimmt keinerlei Gew\u00e4hr f\u00fcr die Aktualit\u00e4t, Korrektheit, Vollst\u00e4ndigkeit oder Qualit\u00e4t [&hellip;]","og_url":"https:\/\/svs-vertrieb.de\/home\/haftungsausschluss\/","og_site_name":"SVS \u2013 Vertrieb &amp; Service aus Leidenschaft","article_modified_time":"2025-01-27T14:05:20+00:00","twitter_card":"summary_large_image","twitter_misc":{"Gesch\u00e4tzte Lesezeit":"6\u00a0Minuten"},"schema":{"@context":"https:\/\/schema.org","@graph":[{"@type":"WebPage","@id":"https:\/\/svs-vertrieb.de\/home\/haftungsausschluss\/","url":"https:\/\/svs-vertrieb.de\/home\/haftungsausschluss\/","name":"Haftungsausschluss - SVS \u2013 Vertrieb &amp; Service aus Leidenschaft","isPartOf":{"@id":"https:\/\/svs-vertrieb.de\/home\/#website"},"datePublished":"2023-05-30T14:29:36+00:00","dateModified":"2025-01-27T14:05:20+00:00","breadcrumb":{"@id":"https:\/\/svs-vertrieb.de\/home\/haftungsausschluss\/#breadcrumb"},"inLanguage":"de","potentialAction":[{"@type":"ReadAction","target":["https:\/\/svs-vertrieb.de\/home\/haftungsausschluss\/"]}]},{"@type":"BreadcrumbList","@id":"https:\/\/svs-vertrieb.de\/home\/haftungsausschluss\/#breadcrumb","itemListElement":[{"@type":"ListItem","position":1,"name":"Home","item":"https:\/\/svs-vertrieb.de\/home\/"},{"@type":"ListItem","position":2,"name":"Haftungsausschluss"}]},{"@type":"WebSite","@id":"https:\/\/svs-vertrieb.de\/home\/#website","url":"https:\/\/svs-vertrieb.de\/home\/","name":"SVS \u2013 Vertrieb &amp; Service aus Leidenschaft","description":"Full-Service f\u00fcr den Fachhandel &amp; 360\u00b0 E-Commerce Partner f\u00fcr Marken","potentialAction":[{"@type":"SearchAction","target":{"@type":"EntryPoint","urlTemplate":"https:\/\/svs-vertrieb.de\/home\/?s={search_term_string}"},"query-input":{"@type":"PropertyValueSpecification","valueRequired":true,"valueName":"search_term_string"}}],"inLanguage":"de"}]}},"_links":{"self":[{"href":"https:\/\/svs-vertrieb.de\/home\/wp-json\/wp\/v2\/pages\/175","targetHints":{"allow":["GET"]}}],"collection":[{"href":"https:\/\/svs-vertrieb.de\/home\/wp-json\/wp\/v2\/pages"}],"about":[{"href":"https:\/\/svs-vertrieb.de\/home\/wp-json\/wp\/v2\/types\/page"}],"author":[{"embeddable":true,"href":"https:\/\/svs-vertrieb.de\/home\/wp-json\/wp\/v2\/users\/1"}],"replies":[{"embeddable":true,"href":"https:\/\/svs-vertrieb.de\/home\/wp-json\/wp\/v2\/comments?post=175"}],"version-history":[{"count":5,"href":"https:\/\/svs-vertrieb.de\/home\/wp-json\/wp\/v2\/pages\/175\/revisions"}],"predecessor-version":[{"id":1955,"href":"https:\/\/svs-vertrieb.de\/home\/wp-json\/wp\/v2\/pages\/175\/revisions\/1955"}],"wp:attachment":[{"href":"https:\/\/svs-vertrieb.de\/home\/wp-json\/wp\/v2\/media?parent=175"}],"curies":[{"name":"wp","href":"https:\/\/api.w.org\/{rel}","templated":true}]}}