{"id":185,"date":"2023-05-30T16:32:23","date_gmt":"2023-05-30T14:32:23","guid":{"rendered":"https:\/\/svs-vertrieb.de\/home\/?page_id=185"},"modified":"2024-12-06T16:03:18","modified_gmt":"2024-12-06T15:03:18","slug":"internes-hinweisgebersystem","status":"publish","type":"page","link":"https:\/\/svs-vertrieb.de\/home\/internes-hinweisgebersystem\/","title":{"rendered":"Internes Hinweisgebersystem"},"content":{"rendered":"\t\t<div data-elementor-type=\"wp-page\" data-elementor-id=\"185\" class=\"elementor elementor-185\" data-elementor-post-type=\"page\">\n\t\t\t\t\t\t<section class=\"elementor-section elementor-top-section elementor-element elementor-element-0f9e32a elementor-section-boxed elementor-section-height-default elementor-section-height-default\" data-id=\"0f9e32a\" data-element_type=\"section\" data-e-type=\"section\">\n\t\t\t\t\t\t<div class=\"elementor-container elementor-column-gap-default\">\n\t\t\t\t\t<div class=\"elementor-column elementor-col-100 elementor-top-column elementor-element elementor-element-7dc980d\" data-id=\"7dc980d\" data-element_type=\"column\" data-e-type=\"column\">\n\t\t\t<div class=\"elementor-widget-wrap elementor-element-populated\">\n\t\t\t\t\t\t<div class=\"elementor-element elementor-element-a61ba9e elementor-widget elementor-widget-heading\" data-id=\"a61ba9e\" data-element_type=\"widget\" data-e-type=\"widget\" data-widget_type=\"heading.default\">\n\t\t\t\t<div class=\"elementor-widget-container\">\n\t\t\t\t\t<h1 class=\"elementor-heading-title elementor-size-default\">Internes Hinweisgebersystem<\/h1>\t\t\t\t<\/div>\n\t\t\t\t<\/div>\n\t\t\t\t\t<\/div>\n\t\t<\/div>\n\t\t\t\t\t<\/div>\n\t\t<\/section>\n\t\t\t\t<section class=\"elementor-section elementor-top-section elementor-element elementor-element-5b17ff2 elementor-section-boxed elementor-section-height-default elementor-section-height-default\" data-id=\"5b17ff2\" data-element_type=\"section\" data-e-type=\"section\">\n\t\t\t\t\t\t<div class=\"elementor-container elementor-column-gap-default\">\n\t\t\t\t\t<div class=\"elementor-column elementor-col-100 elementor-top-column elementor-element elementor-element-dd6eafb\" data-id=\"dd6eafb\" data-element_type=\"column\" data-e-type=\"column\">\n\t\t\t<div class=\"elementor-widget-wrap elementor-element-populated\">\n\t\t\t\t\t\t<div class=\"elementor-element elementor-element-ce982b1 elementor-widget elementor-widget-text-editor\" data-id=\"ce982b1\" data-element_type=\"widget\" data-e-type=\"widget\" data-widget_type=\"text-editor.default\">\n\t\t\t\t<div class=\"elementor-widget-container\">\n\t\t\t\t\t\t\t\t\t<p>Zur Umsetzung der EU-Richtlinie 2019\/1937 und der damit verbundenen Umsetzung in nationales Recht hat die C. Melchers GmbH &amp; Co. KG f\u00fcr die Tochterunternehmen der Melchers Gruppe eine Ombudsstelle eingerichtet.<\/p><p>F\u00fcr weiterf\u00fchrende Informationen und die M\u00f6glichkeit einer Meldung klicken Sie bitte auf den folgenden Link: <a href=\"https:\/\/melchers.hintbox.de\/\" target=\"_blank\" rel=\"noopener\">https:\/\/melchers.hintbox.de\/<\/a><\/p>\t\t\t\t\t\t\t\t<\/div>\n\t\t\t\t<\/div>\n\t\t\t\t\t<\/div>\n\t\t<\/div>\n\t\t\t\t\t<\/div>\n\t\t<\/section>\n\t\t\t\t<\/div>\n\t\t","protected":false},"excerpt":{"rendered":"<p>Internes Hinweisgebersystem Zur Umsetzung der EU-Richtlinie 2019\/1937 und der damit verbundenen Umsetzung in nationales Recht hat die C. Melchers GmbH &amp; Co. KG f\u00fcr die Tochterunternehmen der Melchers Gruppe eine Ombudsstelle eingerichtet. F\u00fcr weiterf\u00fchrende Informationen und die M\u00f6glichkeit einer Meldung klicken Sie bitte auf den folgenden Link: https:\/\/melchers.hintbox.de\/<\/p>\n","protected":false},"author":1,"featured_media":0,"parent":0,"menu_order":0,"comment_status":"closed","ping_status":"closed","template":"elementor_header_footer","meta":{"_acf_changed":false,"inline_featured_image":false,"footnotes":""},"class_list":["post-185","page","type-page","status-publish","hentry"],"acf":[],"yoast_head":"<!-- This site is optimized with the Yoast SEO plugin v27.2 - https:\/\/yoast.com\/product\/yoast-seo-wordpress\/ -->\n<title>Internes Hinweisgebersystem - SVS \u2013 Vertrieb &amp; Service aus Leidenschaft<\/title>\n<meta name=\"robots\" content=\"index, follow, max-snippet:-1, max-image-preview:large, max-video-preview:-1\" \/>\n<link rel=\"canonical\" href=\"https:\/\/svs-vertrieb.de\/home\/internes-hinweisgebersystem\/\" \/>\n<meta property=\"og:locale\" content=\"de_DE\" \/>\n<meta property=\"og:type\" content=\"article\" \/>\n<meta property=\"og:title\" content=\"Internes Hinweisgebersystem - SVS \u2013 Vertrieb &amp; Service aus Leidenschaft\" \/>\n<meta property=\"og:description\" content=\"Internes Hinweisgebersystem Zur Umsetzung der EU-Richtlinie 2019\/1937 und der damit verbundenen Umsetzung in nationales Recht hat die C. Melchers GmbH &amp; Co. KG f\u00fcr die Tochterunternehmen der Melchers Gruppe eine Ombudsstelle eingerichtet. F\u00fcr weiterf\u00fchrende Informationen und die M\u00f6glichkeit einer Meldung klicken Sie bitte auf den folgenden Link: https:\/\/melchers.hintbox.de\/\" \/>\n<meta property=\"og:url\" content=\"https:\/\/svs-vertrieb.de\/home\/internes-hinweisgebersystem\/\" \/>\n<meta property=\"og:site_name\" content=\"SVS \u2013 Vertrieb &amp; Service aus Leidenschaft\" \/>\n<meta property=\"article:modified_time\" content=\"2024-12-06T15:03:18+00:00\" \/>\n<meta name=\"twitter:card\" content=\"summary_large_image\" \/>\n<meta name=\"twitter:label1\" content=\"Gesch\u00e4tzte Lesezeit\" \/>\n\t<meta name=\"twitter:data1\" content=\"1\u00a0Minute\" \/>\n<script type=\"application\/ld+json\" class=\"yoast-schema-graph\">{\"@context\":\"https:\/\/schema.org\",\"@graph\":[{\"@type\":\"WebPage\",\"@id\":\"https:\/\/svs-vertrieb.de\/home\/internes-hinweisgebersystem\/\",\"url\":\"https:\/\/svs-vertrieb.de\/home\/internes-hinweisgebersystem\/\",\"name\":\"Internes Hinweisgebersystem - SVS \u2013 Vertrieb &amp; Service aus Leidenschaft\",\"isPartOf\":{\"@id\":\"https:\/\/svs-vertrieb.de\/home\/#website\"},\"datePublished\":\"2023-05-30T14:32:23+00:00\",\"dateModified\":\"2024-12-06T15:03:18+00:00\",\"breadcrumb\":{\"@id\":\"https:\/\/svs-vertrieb.de\/home\/internes-hinweisgebersystem\/#breadcrumb\"},\"inLanguage\":\"de\",\"potentialAction\":[{\"@type\":\"ReadAction\",\"target\":[\"https:\/\/svs-vertrieb.de\/home\/internes-hinweisgebersystem\/\"]}]},{\"@type\":\"BreadcrumbList\",\"@id\":\"https:\/\/svs-vertrieb.de\/home\/internes-hinweisgebersystem\/#breadcrumb\",\"itemListElement\":[{\"@type\":\"ListItem\",\"position\":1,\"name\":\"Home\",\"item\":\"https:\/\/svs-vertrieb.de\/home\/\"},{\"@type\":\"ListItem\",\"position\":2,\"name\":\"Internes Hinweisgebersystem\"}]},{\"@type\":\"WebSite\",\"@id\":\"https:\/\/svs-vertrieb.de\/home\/#website\",\"url\":\"https:\/\/svs-vertrieb.de\/home\/\",\"name\":\"SVS \u2013 Vertrieb &amp; Service aus Leidenschaft\",\"description\":\"Full-Service f\u00fcr den Fachhandel &amp; 360\u00b0 E-Commerce Partner f\u00fcr Marken\",\"potentialAction\":[{\"@type\":\"SearchAction\",\"target\":{\"@type\":\"EntryPoint\",\"urlTemplate\":\"https:\/\/svs-vertrieb.de\/home\/?s={search_term_string}\"},\"query-input\":{\"@type\":\"PropertyValueSpecification\",\"valueRequired\":true,\"valueName\":\"search_term_string\"}}],\"inLanguage\":\"de\"}]}<\/script>\n<!-- \/ Yoast SEO plugin. -->","yoast_head_json":{"title":"Internes Hinweisgebersystem - SVS \u2013 Vertrieb &amp; Service aus Leidenschaft","robots":{"index":"index","follow":"follow","max-snippet":"max-snippet:-1","max-image-preview":"max-image-preview:large","max-video-preview":"max-video-preview:-1"},"canonical":"https:\/\/svs-vertrieb.de\/home\/internes-hinweisgebersystem\/","og_locale":"de_DE","og_type":"article","og_title":"Internes Hinweisgebersystem - SVS \u2013 Vertrieb &amp; Service aus Leidenschaft","og_description":"Internes Hinweisgebersystem Zur Umsetzung der EU-Richtlinie 2019\/1937 und der damit verbundenen Umsetzung in nationales Recht hat die C. Melchers GmbH &amp; Co. KG f\u00fcr die Tochterunternehmen der Melchers Gruppe eine Ombudsstelle eingerichtet. F\u00fcr weiterf\u00fchrende Informationen und die M\u00f6glichkeit einer Meldung klicken Sie bitte auf den folgenden Link: https:\/\/melchers.hintbox.de\/","og_url":"https:\/\/svs-vertrieb.de\/home\/internes-hinweisgebersystem\/","og_site_name":"SVS \u2013 Vertrieb &amp; Service aus Leidenschaft","article_modified_time":"2024-12-06T15:03:18+00:00","twitter_card":"summary_large_image","twitter_misc":{"Gesch\u00e4tzte Lesezeit":"1\u00a0Minute"},"schema":{"@context":"https:\/\/schema.org","@graph":[{"@type":"WebPage","@id":"https:\/\/svs-vertrieb.de\/home\/internes-hinweisgebersystem\/","url":"https:\/\/svs-vertrieb.de\/home\/internes-hinweisgebersystem\/","name":"Internes Hinweisgebersystem - SVS \u2013 Vertrieb &amp; Service aus Leidenschaft","isPartOf":{"@id":"https:\/\/svs-vertrieb.de\/home\/#website"},"datePublished":"2023-05-30T14:32:23+00:00","dateModified":"2024-12-06T15:03:18+00:00","breadcrumb":{"@id":"https:\/\/svs-vertrieb.de\/home\/internes-hinweisgebersystem\/#breadcrumb"},"inLanguage":"de","potentialAction":[{"@type":"ReadAction","target":["https:\/\/svs-vertrieb.de\/home\/internes-hinweisgebersystem\/"]}]},{"@type":"BreadcrumbList","@id":"https:\/\/svs-vertrieb.de\/home\/internes-hinweisgebersystem\/#breadcrumb","itemListElement":[{"@type":"ListItem","position":1,"name":"Home","item":"https:\/\/svs-vertrieb.de\/home\/"},{"@type":"ListItem","position":2,"name":"Internes Hinweisgebersystem"}]},{"@type":"WebSite","@id":"https:\/\/svs-vertrieb.de\/home\/#website","url":"https:\/\/svs-vertrieb.de\/home\/","name":"SVS \u2013 Vertrieb &amp; Service aus Leidenschaft","description":"Full-Service f\u00fcr den Fachhandel &amp; 360\u00b0 E-Commerce Partner f\u00fcr Marken","potentialAction":[{"@type":"SearchAction","target":{"@type":"EntryPoint","urlTemplate":"https:\/\/svs-vertrieb.de\/home\/?s={search_term_string}"},"query-input":{"@type":"PropertyValueSpecification","valueRequired":true,"valueName":"search_term_string"}}],"inLanguage":"de"}]}},"_links":{"self":[{"href":"https:\/\/svs-vertrieb.de\/home\/wp-json\/wp\/v2\/pages\/185","targetHints":{"allow":["GET"]}}],"collection":[{"href":"https:\/\/svs-vertrieb.de\/home\/wp-json\/wp\/v2\/pages"}],"about":[{"href":"https:\/\/svs-vertrieb.de\/home\/wp-json\/wp\/v2\/types\/page"}],"author":[{"embeddable":true,"href":"https:\/\/svs-vertrieb.de\/home\/wp-json\/wp\/v2\/users\/1"}],"replies":[{"embeddable":true,"href":"https:\/\/svs-vertrieb.de\/home\/wp-json\/wp\/v2\/comments?post=185"}],"version-history":[{"count":5,"href":"https:\/\/svs-vertrieb.de\/home\/wp-json\/wp\/v2\/pages\/185\/revisions"}],"predecessor-version":[{"id":1841,"href":"https:\/\/svs-vertrieb.de\/home\/wp-json\/wp\/v2\/pages\/185\/revisions\/1841"}],"wp:attachment":[{"href":"https:\/\/svs-vertrieb.de\/home\/wp-json\/wp\/v2\/media?parent=185"}],"curies":[{"name":"wp","href":"https:\/\/api.w.org\/{rel}","templated":true}]}}