{"id":821,"date":"2023-06-22T12:12:30","date_gmt":"2023-06-22T10:12:30","guid":{"rendered":"https:\/\/lmmi.de\/?page_id=821"},"modified":"2023-06-22T12:17:45","modified_gmt":"2023-06-22T10:17:45","slug":"datenschutzerklaerung-bewerbung","status":"publish","type":"page","link":"https:\/\/svs-vertrieb.de\/home\/datenschutzerklaerung-bewerbung\/","title":{"rendered":"Datenschutzerkl\u00e4rung Bewerbung"},"content":{"rendered":"\t\t<div data-elementor-type=\"wp-page\" data-elementor-id=\"821\" class=\"elementor elementor-821\" data-elementor-post-type=\"page\">\n\t\t\t\t\t\t<section class=\"elementor-section elementor-top-section elementor-element elementor-element-0f9e32a elementor-section-boxed elementor-section-height-default elementor-section-height-default\" data-id=\"0f9e32a\" data-element_type=\"section\" data-e-type=\"section\">\n\t\t\t\t\t\t<div class=\"elementor-container elementor-column-gap-default\">\n\t\t\t\t\t<div class=\"elementor-column elementor-col-100 elementor-top-column elementor-element elementor-element-7dc980d\" data-id=\"7dc980d\" data-element_type=\"column\" data-e-type=\"column\">\n\t\t\t<div class=\"elementor-widget-wrap elementor-element-populated\">\n\t\t\t\t\t\t<div class=\"elementor-element elementor-element-a61ba9e elementor-widget elementor-widget-heading\" data-id=\"a61ba9e\" data-element_type=\"widget\" data-e-type=\"widget\" data-widget_type=\"heading.default\">\n\t\t\t\t<div class=\"elementor-widget-container\">\n\t\t\t\t\t<h1 class=\"elementor-heading-title elementor-size-default\">Zus\u00e4tzliche Datenschutzerkl\u00e4rung f\u00fcr Online-Bewerbungen<\/h1>\t\t\t\t<\/div>\n\t\t\t\t<\/div>\n\t\t\t\t\t<\/div>\n\t\t<\/div>\n\t\t\t\t\t<\/div>\n\t\t<\/section>\n\t\t\t\t<section class=\"elementor-section elementor-top-section elementor-element elementor-element-5b17ff2 elementor-section-boxed elementor-section-height-default elementor-section-height-default\" data-id=\"5b17ff2\" data-element_type=\"section\" data-e-type=\"section\">\n\t\t\t\t\t\t<div class=\"elementor-container elementor-column-gap-default\">\n\t\t\t\t\t<div class=\"elementor-column elementor-col-100 elementor-top-column elementor-element elementor-element-dd6eafb\" data-id=\"dd6eafb\" data-element_type=\"column\" data-e-type=\"column\">\n\t\t\t<div class=\"elementor-widget-wrap elementor-element-populated\">\n\t\t\t\t\t\t<div class=\"elementor-element elementor-element-ce982b1 elementor-widget elementor-widget-text-editor\" data-id=\"ce982b1\" data-element_type=\"widget\" data-e-type=\"widget\" data-widget_type=\"text-editor.default\">\n\t\t\t\t<div class=\"elementor-widget-container\">\n\t\t\t\t\t\t\t\t\t<p>Vielen Dank f\u00fcr Ihr Interesse an unserer Online-Stellenausschreibung. <strong>Der Schutz Ihrer pers\u00f6nlichen Daten ist uns sehr wichtig. <\/strong>Daher informieren wir Sie nachfolgend \u00fcber die Erhebung, Verarbeitung und Nutzung Ihrer Daten im Rahmen der Online-Bewerbung, gem\u00e4\u00df den einschl\u00e4gigen Datenschutzvorschriften.<\/p><p><strong>Datenerhebung<\/strong><\/p><p>Im Zuge Ihrer Online-Bewerbung werden von uns die nachfolgend aufgez\u00e4hlten pers\u00f6nlichen Bewerbungsdaten von Ihnen erhoben und verarbeitet:<br \/>Name, Vorname<br \/>Adresse<br \/>Telefonnummer<br \/>E-Mail<br \/>Bewerbungsunterlagen (Bewerbungsschreiben, Lebenslauf, Zeugnisse, Zertifikate u.\u00e4.)<\/p><p><strong>Zweck der Datenerfassung \/ Weitergabe<\/strong><\/p><p>Die Erhebung und Verarbeitung Ihrer pers\u00f6nlichen Bewerbungsdaten erfolgt ausschlie\u00dflich zweckgebunden f\u00fcr die Besetzung von Stellen innerhalb unseres Unternehmens. Ihre Daten werden grunds\u00e4tzlich nur an die f\u00fcr das konkrete Bewerbungsverfahren zust\u00e4ndigen innerbetrieblichen Stellen und Fachabteilungen unseres Unternehmens weitergeleitet. Eine Weitergabe Ihrer pers\u00f6nlichen Bewerbungsdaten an andere Unternehmen der Streifeneder-Gruppe erfolgt nicht ohne vorherige, ausdr\u00fcckliche Einwilligung Ihrerseits.<br \/>Eine dar\u00fcber hinausgehende Nutzung oder Weitergabe Ihrer Bewerbungsdaten an Dritte erfolgt nicht.<\/p><p><strong>Aufbewahrungsdauer der Bewerbungsdaten<\/strong><\/p><p>Eine L\u00f6schung Ihrer pers\u00f6nlichen Bewerbungsdaten erfolgt grunds\u00e4tzlich automatisch drei Monate nach Abschluss des Bewerbungsverfahrens. Dies gilt nicht, sofern gesetzliche Bestimmungen einer L\u00f6schung entgegenstehen, die weitere Speicherung zum Zwecke der Beweisf\u00fchrung erforderlich ist oder Sie einer l\u00e4ngeren Speicherung ausdr\u00fccklich zugestimmt haben.<\/p><p><strong>Speicherung f\u00fcr zuk\u00fcnftige Stellenausschreibungen<\/strong><\/p><p>Sollten wir Ihnen keine aktuell zu besetzende Stelle anbieten k\u00f6nnen, jedoch aufgrund Ihres Profils der Ansicht sein, dass Ihre Bewerbung eventuell f\u00fcr zuk\u00fcnftige Stellenangebote interessant sein k\u00f6nnte, werden wir Ihre pers\u00f6nlichen Bewerbungsdaten zw\u00f6lf Monate lang speichern, sofern Sie einer solchen Speicherung und Nutzung ausdr\u00fccklich zustimmen.<\/p><p><strong>Datensicherheit<\/strong><\/p><p>Um die im Rahmen Ihrer Bewerbung erhobenen Daten vor Manipulationen und unberechtigten Zugriffen zu sch\u00fctzen haben wir diverse technische und organisatorische Vorkehrungen getroffen. Insbesondere erfolgt die \u00dcbertragung Ihrer Online-Bewerbung verschl\u00fcsselt gem\u00e4\u00df dem aktuell anerkannten Stand der Technik.<\/p><p><strong>Auskunftsrecht und Widerruf<\/strong><\/p><p>Sollten Sie Fragen zur Erhebung, Verarbeitung oder Nutzung Ihrer personenbezogenen Daten haben, oder in F\u00e4llen von Ausk\u00fcnften, Berichtigung oder L\u00f6schung von Daten, sowie Widerruf erteilter Einwilligungen, wenden Sie sich bitte an unseren Datenschutzbeauftragten. Die Kontaktdaten finden Sie in der <a title=\"Allgemeiner Datenschutz\" href=\"https:\/\/svs-vertrieb.de\/home\/datenschutzerklaerung\/\">Datenschutzerkl\u00e4rung<\/a> und im <a href=\"https:\/\/svs-vertrieb.de\/home\/impressum\/\">Impressum<\/a> .<\/p><p><strong>Allgemeine Datenschutzhinweise<\/strong><\/p><p>Bitte beachten Sie auch unsere allgemeinen <a title=\"Allgemeiner Datenschutz\" href=\"https:\/\/svs-vertrieb.de\/home\/datenschutzerklaerung\/\">Datenschutzhinweise<\/a> f\u00fcr weitere Informationen im Hinblick auf die Nutzung unseres Webauftrittes.<\/p>\t\t\t\t\t\t\t\t<\/div>\n\t\t\t\t<\/div>\n\t\t\t\t\t<\/div>\n\t\t<\/div>\n\t\t\t\t\t<\/div>\n\t\t<\/section>\n\t\t\t\t<\/div>\n\t\t","protected":false},"excerpt":{"rendered":"<p>Zus\u00e4tzliche Datenschutzerkl\u00e4rung f\u00fcr Online-Bewerbungen Vielen Dank f\u00fcr Ihr Interesse an unserer Online-Stellenausschreibung. Der Schutz Ihrer pers\u00f6nlichen Daten ist uns sehr wichtig. Daher informieren wir Sie nachfolgend \u00fcber die Erhebung, Verarbeitung und Nutzung Ihrer Daten im Rahmen der Online-Bewerbung, gem\u00e4\u00df den einschl\u00e4gigen Datenschutzvorschriften. Datenerhebung Im Zuge Ihrer Online-Bewerbung werden von uns die nachfolgend aufgez\u00e4hlten pers\u00f6nlichen Bewerbungsdaten [&hellip;]<\/p>\n","protected":false},"author":1,"featured_media":0,"parent":0,"menu_order":0,"comment_status":"closed","ping_status":"closed","template":"elementor_header_footer","meta":{"_acf_changed":false,"inline_featured_image":false,"footnotes":""},"class_list":["post-821","page","type-page","status-publish","hentry"],"acf":[],"yoast_head":"<!-- This site is optimized with the Yoast SEO plugin v27.2 - https:\/\/yoast.com\/product\/yoast-seo-wordpress\/ -->\n<title>Datenschutzerkl\u00e4rung Bewerbung - SVS \u2013 Vertrieb &amp; Service aus Leidenschaft<\/title>\n<meta name=\"robots\" content=\"index, follow, max-snippet:-1, max-image-preview:large, max-video-preview:-1\" \/>\n<link rel=\"canonical\" href=\"https:\/\/svs-vertrieb.de\/home\/datenschutzerklaerung-bewerbung\/\" \/>\n<meta property=\"og:locale\" content=\"de_DE\" \/>\n<meta property=\"og:type\" content=\"article\" \/>\n<meta property=\"og:title\" content=\"Datenschutzerkl\u00e4rung Bewerbung - SVS \u2013 Vertrieb &amp; Service aus Leidenschaft\" \/>\n<meta property=\"og:description\" content=\"Zus\u00e4tzliche Datenschutzerkl\u00e4rung f\u00fcr Online-Bewerbungen Vielen Dank f\u00fcr Ihr Interesse an unserer Online-Stellenausschreibung. Der Schutz Ihrer pers\u00f6nlichen Daten ist uns sehr wichtig. Daher informieren wir Sie nachfolgend \u00fcber die Erhebung, Verarbeitung und Nutzung Ihrer Daten im Rahmen der Online-Bewerbung, gem\u00e4\u00df den einschl\u00e4gigen Datenschutzvorschriften. Datenerhebung Im Zuge Ihrer Online-Bewerbung werden von uns die nachfolgend aufgez\u00e4hlten pers\u00f6nlichen Bewerbungsdaten [&hellip;]\" \/>\n<meta property=\"og:url\" content=\"https:\/\/svs-vertrieb.de\/home\/datenschutzerklaerung-bewerbung\/\" \/>\n<meta property=\"og:site_name\" content=\"SVS \u2013 Vertrieb &amp; Service aus Leidenschaft\" \/>\n<meta property=\"article:modified_time\" content=\"2023-06-22T10:17:45+00:00\" \/>\n<meta name=\"twitter:card\" content=\"summary_large_image\" \/>\n<meta name=\"twitter:label1\" content=\"Gesch\u00e4tzte Lesezeit\" \/>\n\t<meta name=\"twitter:data1\" content=\"2\u00a0Minuten\" \/>\n<script type=\"application\/ld+json\" class=\"yoast-schema-graph\">{\"@context\":\"https:\/\/schema.org\",\"@graph\":[{\"@type\":\"WebPage\",\"@id\":\"https:\/\/svs-vertrieb.de\/home\/datenschutzerklaerung-bewerbung\/\",\"url\":\"https:\/\/svs-vertrieb.de\/home\/datenschutzerklaerung-bewerbung\/\",\"name\":\"Datenschutzerkl\u00e4rung Bewerbung - SVS \u2013 Vertrieb &amp; Service aus Leidenschaft\",\"isPartOf\":{\"@id\":\"https:\/\/svs-vertrieb.de\/home\/#website\"},\"datePublished\":\"2023-06-22T10:12:30+00:00\",\"dateModified\":\"2023-06-22T10:17:45+00:00\",\"breadcrumb\":{\"@id\":\"https:\/\/svs-vertrieb.de\/home\/datenschutzerklaerung-bewerbung\/#breadcrumb\"},\"inLanguage\":\"de\",\"potentialAction\":[{\"@type\":\"ReadAction\",\"target\":[\"https:\/\/svs-vertrieb.de\/home\/datenschutzerklaerung-bewerbung\/\"]}]},{\"@type\":\"BreadcrumbList\",\"@id\":\"https:\/\/svs-vertrieb.de\/home\/datenschutzerklaerung-bewerbung\/#breadcrumb\",\"itemListElement\":[{\"@type\":\"ListItem\",\"position\":1,\"name\":\"Home\",\"item\":\"https:\/\/svs-vertrieb.de\/home\/\"},{\"@type\":\"ListItem\",\"position\":2,\"name\":\"Datenschutzerkl\u00e4rung Bewerbung\"}]},{\"@type\":\"WebSite\",\"@id\":\"https:\/\/svs-vertrieb.de\/home\/#website\",\"url\":\"https:\/\/svs-vertrieb.de\/home\/\",\"name\":\"SVS \u2013 Vertrieb &amp; Service aus Leidenschaft\",\"description\":\"Full-Service f\u00fcr den Fachhandel &amp; 360\u00b0 E-Commerce Partner f\u00fcr Marken\",\"potentialAction\":[{\"@type\":\"SearchAction\",\"target\":{\"@type\":\"EntryPoint\",\"urlTemplate\":\"https:\/\/svs-vertrieb.de\/home\/?s={search_term_string}\"},\"query-input\":{\"@type\":\"PropertyValueSpecification\",\"valueRequired\":true,\"valueName\":\"search_term_string\"}}],\"inLanguage\":\"de\"}]}<\/script>\n<!-- \/ Yoast SEO plugin. -->","yoast_head_json":{"title":"Datenschutzerkl\u00e4rung Bewerbung - SVS \u2013 Vertrieb &amp; Service aus Leidenschaft","robots":{"index":"index","follow":"follow","max-snippet":"max-snippet:-1","max-image-preview":"max-image-preview:large","max-video-preview":"max-video-preview:-1"},"canonical":"https:\/\/svs-vertrieb.de\/home\/datenschutzerklaerung-bewerbung\/","og_locale":"de_DE","og_type":"article","og_title":"Datenschutzerkl\u00e4rung Bewerbung - SVS \u2013 Vertrieb &amp; Service aus Leidenschaft","og_description":"Zus\u00e4tzliche Datenschutzerkl\u00e4rung f\u00fcr Online-Bewerbungen Vielen Dank f\u00fcr Ihr Interesse an unserer Online-Stellenausschreibung. Der Schutz Ihrer pers\u00f6nlichen Daten ist uns sehr wichtig. Daher informieren wir Sie nachfolgend \u00fcber die Erhebung, Verarbeitung und Nutzung Ihrer Daten im Rahmen der Online-Bewerbung, gem\u00e4\u00df den einschl\u00e4gigen Datenschutzvorschriften. Datenerhebung Im Zuge Ihrer Online-Bewerbung werden von uns die nachfolgend aufgez\u00e4hlten pers\u00f6nlichen Bewerbungsdaten [&hellip;]","og_url":"https:\/\/svs-vertrieb.de\/home\/datenschutzerklaerung-bewerbung\/","og_site_name":"SVS \u2013 Vertrieb &amp; Service aus Leidenschaft","article_modified_time":"2023-06-22T10:17:45+00:00","twitter_card":"summary_large_image","twitter_misc":{"Gesch\u00e4tzte Lesezeit":"2\u00a0Minuten"},"schema":{"@context":"https:\/\/schema.org","@graph":[{"@type":"WebPage","@id":"https:\/\/svs-vertrieb.de\/home\/datenschutzerklaerung-bewerbung\/","url":"https:\/\/svs-vertrieb.de\/home\/datenschutzerklaerung-bewerbung\/","name":"Datenschutzerkl\u00e4rung Bewerbung - SVS \u2013 Vertrieb &amp; Service aus Leidenschaft","isPartOf":{"@id":"https:\/\/svs-vertrieb.de\/home\/#website"},"datePublished":"2023-06-22T10:12:30+00:00","dateModified":"2023-06-22T10:17:45+00:00","breadcrumb":{"@id":"https:\/\/svs-vertrieb.de\/home\/datenschutzerklaerung-bewerbung\/#breadcrumb"},"inLanguage":"de","potentialAction":[{"@type":"ReadAction","target":["https:\/\/svs-vertrieb.de\/home\/datenschutzerklaerung-bewerbung\/"]}]},{"@type":"BreadcrumbList","@id":"https:\/\/svs-vertrieb.de\/home\/datenschutzerklaerung-bewerbung\/#breadcrumb","itemListElement":[{"@type":"ListItem","position":1,"name":"Home","item":"https:\/\/svs-vertrieb.de\/home\/"},{"@type":"ListItem","position":2,"name":"Datenschutzerkl\u00e4rung Bewerbung"}]},{"@type":"WebSite","@id":"https:\/\/svs-vertrieb.de\/home\/#website","url":"https:\/\/svs-vertrieb.de\/home\/","name":"SVS \u2013 Vertrieb &amp; Service aus Leidenschaft","description":"Full-Service f\u00fcr den Fachhandel &amp; 360\u00b0 E-Commerce Partner f\u00fcr Marken","potentialAction":[{"@type":"SearchAction","target":{"@type":"EntryPoint","urlTemplate":"https:\/\/svs-vertrieb.de\/home\/?s={search_term_string}"},"query-input":{"@type":"PropertyValueSpecification","valueRequired":true,"valueName":"search_term_string"}}],"inLanguage":"de"}]}},"_links":{"self":[{"href":"https:\/\/svs-vertrieb.de\/home\/wp-json\/wp\/v2\/pages\/821","targetHints":{"allow":["GET"]}}],"collection":[{"href":"https:\/\/svs-vertrieb.de\/home\/wp-json\/wp\/v2\/pages"}],"about":[{"href":"https:\/\/svs-vertrieb.de\/home\/wp-json\/wp\/v2\/types\/page"}],"author":[{"embeddable":true,"href":"https:\/\/svs-vertrieb.de\/home\/wp-json\/wp\/v2\/users\/1"}],"replies":[{"embeddable":true,"href":"https:\/\/svs-vertrieb.de\/home\/wp-json\/wp\/v2\/comments?post=821"}],"version-history":[{"count":5,"href":"https:\/\/svs-vertrieb.de\/home\/wp-json\/wp\/v2\/pages\/821\/revisions"}],"predecessor-version":[{"id":829,"href":"https:\/\/svs-vertrieb.de\/home\/wp-json\/wp\/v2\/pages\/821\/revisions\/829"}],"wp:attachment":[{"href":"https:\/\/svs-vertrieb.de\/home\/wp-json\/wp\/v2\/media?parent=821"}],"curies":[{"name":"wp","href":"https:\/\/api.w.org\/{rel}","templated":true}]}}